{"id":1614,"date":"2020-05-15T23:11:43","date_gmt":"2020-05-15T21:11:43","guid":{"rendered":"http:\/\/xn--portalmawa-g0b.pl\/?page_id=1614"},"modified":"2020-05-15T23:11:43","modified_gmt":"2020-05-15T21:11:43","slug":"rodo","status":"publish","type":"page","link":"http:\/\/portalm\u0142awa.pl\/?page_id=1614","title":{"rendered":"RODO"},"content":{"rendered":"<div class=\"art-postcontent clearfix\">\n<div class=\"art-article\">\n<p style=\"text-align: justify;\">RODO<\/p>\n<p style=\"text-align: justify;\">Informacja dla u\u017cytkownik\u00f3w portalu ,,Portal M\u0142awa\u2033<br \/>\nw zwi\u0105zku z wej\u015bciem w \u017cycie\u00a0 unijnego Rozporz\u0105dzenia RODO.<\/p>\n<p style=\"text-align: justify;\"><strong>Czym jest RODO i jaki jest jego cel?<\/strong><\/p>\n<p style=\"text-align: justify;\">RODO, to inaczej Rozporz\u0105dzenie Parlamentu Europejskiego i Rady (UE) 2016\/679<br \/>\nw sprawie ochrony danych osobowych. Nowe przepisy obowi\u0105zywa\u0107 b\u0119d\u0105 od 25 maja<br \/>\n2018 r. Celem RODO jest wprowadzenie lepszej ochrony Twoich danych osobowych, dlatego te\u017c chc\u0105c przybli\u017cy\u0107 Ci te kwestie, prezentujemy poni\u017csze informacje.<\/p>\n<p style=\"text-align: justify;\"><strong>Kto jest Administratorem Twoich danych osobowych?<\/strong><\/p>\n<p style=\"text-align: justify;\">Administratorem Twoich danych osobowych jest Tomasz Bielski. Z Administratorem Twoich danych osobowych mo\u017cesz si\u0119 skontaktowa\u0107 na r\u00f3\u017cne sposoby:<\/p>\n<p style=\"text-align: justify;\">\u2013 pisemnie pod adresem: Wymy\u015blin 9, 06-500 M\u0142awa,<\/p>\n<p style=\"text-align: justify;\">\u2013 za po\u015brednictwem e-mail:\u00a0<a class=\"mce-object\" title=\"&lt;script&gt;\" href=\"mailto: &lt;img src=\" data-wp-preserve=\"%3Cscript%20type%3D'text%2Fjavascript'%3E%20%3C!--%20var%20prefix%20%3D%20'ma'%20%2B%20'il'%20%2B%20'to'%3B%20var%20path%20%3D%20'hr'%20%2B%20'ef'%20%2B%20'%3D'%3B%20var%20addy71730%20%3D%20'wydawca'%20%2B%20'%40'%3B%20addy71730%20%3D%20addy71730%20%2B%20'naszamlawa'%20%2B%20'.'%20%2B%20'pl'%3B%20document.write('%3Ca%20'%20%2B%20path%20%2B%20'%5C''%20%2B%20prefix%20%2B%20'%3A'%20%2B%20addy71730%20%2B%20'%5C'%3E')%3B%20document.write(addy71730)%3B%20document.write('%3C%5C%2Fa%3E')%3B%20%2F%2F--%3E%5Cn%20%3C%2Fscript%3E\" data-mce-placeholder=\"1\"><script type='text\/javascript'> <!-- document.write('<span style=\\'display: none;\\'>'); \/\/--> <\/script>Ten adres pocztowy jest chroniony przed spamowaniem. Aby go zobaczy\u0107, konieczne jest w\u0142\u0105czenie w przegl\u0105darce obs\u0142ugi JavaScript. <script type='text\/javascript'> <!-- document.write('<\/'); document.write('span>'); \/\/--> <\/script>&#8220;&gt; <\/a><a href=\"mailto:portalmlawa@wp.pl\">portalmlawa@wp.pl<\/a><\/p>\n<p style=\"text-align: justify;\">\u2013 telefonicznie: 691 310 344<\/p>\n<p style=\"text-align: justify;\"><strong>Czy powo\u0142ali\u015bmy Inspektora Ochrony Danych Osobowych?<\/strong><\/p>\n<p style=\"text-align: justify;\">Nie, nie ma takiej potrzeby. Nasza firma zgodnie z RODO nie musi powo\u0142ywa\u0107 Inspektora Ochrony Danych Osobowych. Jednak\u017ce w celu u\u0142atwienia Ci kontaktu w Twojej sprawie wyznaczyli\u015bmy osob\u0119, kt\u00f3ra w razie w\u0105tpliwo\u015bci udzieli Ci niezb\u0119dnych informacji.<\/p>\n<p style=\"text-align: justify;\">Tomasz Bielski,\u00a0 <a href=\"mailto:portalmlawa@wp.pl\">portalmlawa@wp.pl<\/a><\/p>\n<p style=\"text-align: justify;\">kontakt telefoniczny 691 310 344 lub pisemnie Wymy\u015blin 9, 06-500 M\u0142awa<\/p>\n<p style=\"text-align: justify;\"><strong>Jakie dane osobowe przetwarzamy, w jakim celu i na jakiej podstawie prawnej?<\/strong><\/p>\n<p style=\"text-align: justify;\">Gdy korzystasz z naszych serwis\u00f3w, danymi osobowymi, kt\u00f3re przetwarzamy mog\u0105 by\u0107, np. adres IP Twojego urz\u0105dzenia, dane pozyskiwane na podstawie plik\u00f3w cookies lub podobnych mechanizm\u00f3w zapisywania informacji na urz\u0105dzeniach U\u017cytkownik\u00f3w, o ile pozwol\u0105 one na zidentyfikowanie Ciebie.\u00a0 Twoje dane osobowe s\u0105 przetwarzane, aby umo\u017cliwi\u0107 korzystanie z serwis\u00f3w prowadzonych przez Administratora, prowadzi\u0107 pomiary jako\u015bci i skuteczno\u015bci, ulepsza\u0107 tre\u015bci oraz us\u0142ugi, informowa\u0107 Ci\u0119 o tre\u015bciach i us\u0142ugach Administratora i jego Partner\u00f3w, udost\u0119pnia\u0107 w serwisach przestrze\u0144 reklamow\u0105, prowadzi\u0107 dzia\u0142ania marketingu bezpo\u015bredniego, zapewnia\u0107 bezpiecze\u0144stwo przetwarzania informacji, zarz\u0105dza\u0107 systemami teleinformatycznymi oraz ochron\u0105 lub dochodzeniem roszcze\u0144.<\/p>\n<p style=\"text-align: justify;\">Podstaw\u0105 prawn\u0105 przetwarzania Twoich danych osobowych jest:<\/p>\n<ol style=\"text-align: justify;\">\n<li>Prawnie uzasadniony interes Administratora. Obejmuje on ulepszanie us\u0142ug, zapewnienie ich najlepszej jako\u015bci oraz informowanie o nich U\u017cytkownik\u00f3w,<\/li>\n<li>W niekt\u00f3rych naszych serwisach podstaw\u0105 przetwarzania danych osobowych mo\u017ce by\u0107 zgoda., o czym zawsze zostaniesz poinformowany. Mo\u017cesz zarz\u0105dza\u0107 zgod\u0105, w tym j\u0105 cofn\u0105\u0107.<\/li>\n<\/ol>\n<p style=\"text-align: justify;\"><strong>Jak d\u0142ugo przechowujemy Twoje dane osobowe?<\/strong><\/p>\n<p style=\"text-align: justify;\">Administrator przechowuje dane osobowe U\u017cytkownik\u00f3w jedynie przez czas, jaki jest niezb\u0119dny dla zrealizowania cel\u00f3w, dla kt\u00f3rych dane zosta\u0142y zebrane oraz pod warunkiem zachowania aktualno\u015bci jednej z opisanych powy\u017cej podstaw prawnych, b\u0105d\u017a, gdy pojawi\u0142a si\u0119 nowa podstawa, np. przepis prawa lub konieczno\u015b\u0107 realizacji roszcze\u0144 w post\u0119powaniu s\u0105dowym.<\/p>\n<p style=\"text-align: justify;\"><strong>Kto b\u0119dzie odbiorc\u0105 Twoich danych osobowych?<\/strong><\/p>\n<p style=\"text-align: justify;\">Dane kt\u00f3re samodzielnie udost\u0119pnisz b\u0119d\u0105 widoczne na portalu Portal M\u0142awa dla wszystkich u\u017cytkownik\u00f3w odwiedzaj\u0105cych stron\u0119. Nie b\u0119d\u0105 widoczne dane IP, do kt\u00f3rych wgl\u0105d w miar\u0119 ostatecznej konieczno\u015bci b\u0119dzie mia\u0142 jedynie upowa\u017cniony pracownik. Odbiorc\u0105 Twoich danych mo\u017ce by\u0107 tak\u017ce firma informatyczna, kt\u00f3ra b\u0119dzie ulepsza\u0142a nasz serwer. Nie martw si\u0119, z tak\u0105 osob\u0105 zawrzemy poufn\u0105 umow\u0119 w kt\u00f3rej uregulujemy obowi\u0105zek zachowania w tajemnicy posiadanych przez nas danych.<\/p>\n<p style=\"text-align: justify;\"><strong>Dzi\u0119kujemy za przeczytanie niniejszej informacji. Jak widzisz chcemy w jak najlepszym stopniu zabezpieczy\u0107 Twoje dane osobowe. Na zako\u0144czenie informujemy, \u017ce RODO wprowadza dla Ciebie szereg uprawnie\u0144 o kt\u00f3rych powiniene\u015b wiedzie\u0107, a mianowicie:<\/strong><\/p>\n<ol style=\"text-align: justify;\">\n<li>masz prawo wycofa\u0107 zgod\u0119 na przetwarzanie Twoich danych osobowych, ale wi\u0105za\u0107 si\u0119 to b\u0119dzie z usuni\u0119ciem Twojego komentarza i og\u0142oszenia. Adres IP jest technicznie powi\u0105zany z ich tre\u015bci\u0105,<\/li>\n<li>masz prawo dost\u0119pu do Twoich danych osobowych, po uprzedniej weryfikacji, \u017ce dane te dotycz\u0105 Twojej osoby,<\/li>\n<li>prawo \u017c\u0105dania usuni\u0119cia Twoich danych osobowych,<\/li>\n<li>prawo \u017c\u0105dania ograniczenia przetwarzania Twoich danych osobowych,<\/li>\n<li>prawo wyra\u017cenia sprzeciwu wobec przetwarzania Twoich danych ze wzgl\u0119du na Twoj\u0105 szczeg\u00f3ln\u0105 sytuacj\u0119,<\/li>\n<li>prawo do przenoszenia Twoich danych osobowych, tj. prawo otrzymania od nas Twoich danych osobowych, w ustrukturyzowanym, powszechnie u\u017cywanym formacie informatycznym nadaj\u0105cym si\u0119 do odczytu maszynowego. Mo\u017cesz przes\u0142a\u0107 te dane innemu administratorowi danych lub za\u017c\u0105da\u0107, aby\u015bmy przes\u0142ali Twoje dane do innego administratora. Jednak\u017ce zrobimy to tylko je\u015bli takie przes\u0142anie jest technicznie mo\u017cliwe. Prawo do przenoszenia danych osobowych przys\u0142uguje Ci tylko co do tych danych, kt\u00f3re przetwarzamy na podstawie umowy z Tob\u0105 lub na podstawie Twojej zgody,<\/li>\n<\/ol>\n<p style=\"text-align: justify;\">Aby skorzysta\u0107 z tych uprawnie\u0144 zapraszamy do kontaktu jak na wst\u0119pie.<\/p>\n<p style=\"text-align: justify;\">W zakresie, w jakim Twoje dane s\u0105 przetwarzane na podstawie zgody\u00a0 masz prawo wycofania zgody na przetwarzanie danych w dowolnym momencie. Wycofanie zgody nie ma wp\u0142ywu na zgodno\u015b\u0107 z prawem przetwarzania, kt\u00f3rego dokonano na podstawie Twojej zgody przed jej wycofaniem. Zgod\u0119 mo\u017cesz wycofa\u0107 poprzez wys\u0142anie o\u015bwiadczenia o wycofaniu zgody na nasz adres korespondencyjny, nasz adres e-mailowy, a tak\u017ce telefonicznie, po weryfikacji to\u017csamo\u015bci.<\/p>\n<p style=\"text-align: justify;\">Przys\u0142uguje Ci tak\u017ce prawo wniesienia skargi do Prezesa Urz\u0119du Ochrony Danych Osobowych (PUODO).<\/p>\n<p style=\"text-align: justify;\">Dzi\u0119kuj\u0119 za uwag\u0119<\/p>\n<p style=\"text-align: justify;\">TOMASZ BIELSKI<\/p>\n<\/div>\n<\/div>\n<div style=\"padding-bottom:20px; padding-top:10px;\" class=\"hupso-share-buttons\"><!-- Hupso Share Buttons - https:\/\/www.hupso.com\/share\/ --><a class=\"hupso_pop\" href=\"https:\/\/www.hupso.com\/share\/\"><img decoding=\"async\" data-src=\"http:\/\/static.hupso.com\/share\/buttons\/button100x23.png\" style=\"border:0px; width:100; height: 23; \" alt=\"Share Button\" src=\"data:image\/svg+xml;base64,PHN2ZyB3aWR0aD0iMSIgaGVpZ2h0PSIxIiB4bWxucz0iaHR0cDovL3d3dy53My5vcmcvMjAwMC9zdmciPjwvc3ZnPg==\" class=\"lazyload\" \/><\/a><script type=\"text\/javascript\">var hupso_services=new Array(\"Twitter\",\"Facebook\",\"Pinterest\",\"Linkedin\",\"Tumblr\",\"StumbleUpon\",\"Digg\",\"Reddit\",\"Bebo\",\"Delicious\",\"QZone\",\"Renren\",\"Email\");var hupso_icon_type = \"labels\";var hupso_background=\"#3BF8FF\";var hupso_border=\"#FF2B0A\";var hupso_image_folder_url = \"\";var hupso_url=\"\";var hupso_title=\"RODO\";<\/script><script type=\"text\/javascript\" src=\"http:\/\/static.hupso.com\/share\/js\/share.js\"><\/script><!-- Hupso Share Buttons --><\/div>","protected":false},"excerpt":{"rendered":"<p>RODO Informacja dla u\u017cytkownik\u00f3w portalu ,,Portal M\u0142awa\u2033 w zwi\u0105zku z wej\u015bciem w \u017cycie\u00a0 unijnego Rozporz\u0105dzenia RODO. Czym jest RODO i jaki jest jego cel? RODO, to inaczej Rozporz\u0105dzenie Parlamentu Europejskiego&hellip; <\/p>\n<div style=\"padding-bottom:20px; padding-top:10px;\" class=\"hupso-share-buttons\"><!-- Hupso Share Buttons - https:\/\/www.hupso.com\/share\/ --><a class=\"hupso_pop\" href=\"https:\/\/www.hupso.com\/share\/\"><img data-src=\"http:\/\/static.hupso.com\/share\/buttons\/button100x23.png\" style=\"border:0px; width:100; height: 23; \" alt=\"Share Button\" src=\"data:image\/svg+xml;base64,PHN2ZyB3aWR0aD0iMSIgaGVpZ2h0PSIxIiB4bWxucz0iaHR0cDovL3d3dy53My5vcmcvMjAwMC9zdmciPjwvc3ZnPg==\" class=\"lazyload\" \/><\/a><script type=\"text\/javascript\">var hupso_services=new Array(\"Twitter\",\"Facebook\",\"Pinterest\",\"Linkedin\",\"Tumblr\",\"StumbleUpon\",\"Digg\",\"Reddit\",\"Bebo\",\"Delicious\",\"QZone\",\"Renren\",\"Email\");var hupso_icon_type = \"labels\";var hupso_background=\"#3BF8FF\";var hupso_border=\"#FF2B0A\";var hupso_image_folder_url = \"\";var hupso_url=\"\";var hupso_title=\"RODO\";<\/script><script type=\"text\/javascript\" src=\"http:\/\/static.hupso.com\/share\/js\/share.js\"><\/script><!-- Hupso Share Buttons --><\/div>","protected":false},"author":1,"featured_media":0,"parent":0,"menu_order":0,"comment_status":"closed","ping_status":"closed","template":"","meta":{"_acf_changed":false,"wprm-recipe-roundup-name":"","wprm-recipe-roundup-description":"","footnotes":""},"class_list":["post-1614","page","type-page","status-publish","hentry"],"acf":[],"amp_enabled":true,"_links":{"self":[{"href":"http:\/\/portalm\u0142awa.pl\/index.php?rest_route=\/wp\/v2\/pages\/1614","targetHints":{"allow":["GET"]}}],"collection":[{"href":"http:\/\/portalm\u0142awa.pl\/index.php?rest_route=\/wp\/v2\/pages"}],"about":[{"href":"http:\/\/portalm\u0142awa.pl\/index.php?rest_route=\/wp\/v2\/types\/page"}],"author":[{"embeddable":true,"href":"http:\/\/portalm\u0142awa.pl\/index.php?rest_route=\/wp\/v2\/users\/1"}],"replies":[{"embeddable":true,"href":"http:\/\/portalm\u0142awa.pl\/index.php?rest_route=%2Fwp%2Fv2%2Fcomments&post=1614"}],"version-history":[{"count":1,"href":"http:\/\/portalm\u0142awa.pl\/index.php?rest_route=\/wp\/v2\/pages\/1614\/revisions"}],"predecessor-version":[{"id":1615,"href":"http:\/\/portalm\u0142awa.pl\/index.php?rest_route=\/wp\/v2\/pages\/1614\/revisions\/1615"}],"wp:attachment":[{"href":"http:\/\/portalm\u0142awa.pl\/index.php?rest_route=%2Fwp%2Fv2%2Fmedia&parent=1614"}],"curies":[{"name":"wp","href":"https:\/\/api.w.org\/{rel}","templated":true}]}}